{"id":27356,"date":"2022-06-27T08:09:22","date_gmt":"2022-06-27T08:09:22","guid":{"rendered":"https:\/\/feestinrode.be\/rhodiens\/"},"modified":"2022-06-27T08:12:24","modified_gmt":"2022-06-27T08:12:24","slug":"rhodiens","status":"publish","type":"page","link":"https:\/\/feestinrode.be\/fr\/rhodiens\/","title":{"rendered":"Rhodiens"},"content":{"rendered":"\t\t<div data-elementor-type=\"wp-page\" data-elementor-id=\"27356\" class=\"elementor elementor-27356 elementor-27351\" data-elementor-post-type=\"page\">\n\t\t\t\t\t\t<section class=\"elementor-section elementor-top-section elementor-element elementor-element-c207fd5 elementor-section-boxed elementor-section-height-default elementor-section-height-default\" data-id=\"c207fd5\" data-element_type=\"section\" data-e-type=\"section\">\n\t\t\t\t\t\t<div class=\"elementor-container elementor-column-gap-default\">\n\t\t\t\t\t<div class=\"elementor-column elementor-col-100 elementor-top-column elementor-element elementor-element-d84485b\" data-id=\"d84485b\" data-element_type=\"column\" data-e-type=\"column\">\n\t\t\t<div class=\"elementor-widget-wrap elementor-element-populated\">\n\t\t\t\t\t\t<div class=\"elementor-element elementor-element-ff4e13c elementor-alert-warning elementor-widget elementor-widget-alert\" data-id=\"ff4e13c\" data-element_type=\"widget\" data-e-type=\"widget\" data-widget_type=\"alert.default\">\n\t\t\t\t<div class=\"elementor-widget-container\">\n\t\t\t\t\t\t\t<div class=\"elementor-alert\" role=\"alert\">\n\n\t\t\t\t\t\t<span class=\"elementor-alert-title\">R\u00e9servation uniquement pour les Rhodiens<\/span>\n\t\t\t\n\t\t\t\t\t\t<span class=\"elementor-alert-description\">En confirmant que vous \u00eates un r\u00e9sident de Rhode-Saint-gen\u00e8se, vous acceptez les conditions de la brocante. En cas de fraude, une amende de 250 \u20ac sera per\u00e7ue et votre inscription sera exclue pour les prochains brocantes.<\/span>\n\t\t\t\n\t\t\t\t\t\t<button type=\"button\" class=\"elementor-alert-dismiss\" aria-label=\"Ignorer cette alerte.\">\n\t\t\t\t\t\t\t\t\t<span aria-hidden=\"true\">&times;<\/span>\n\t\t\t\t\t\t\t<\/button>\n\t\t\t\n\t\t<\/div>\n\t\t\t\t\t\t<\/div>\n\t\t\t\t<\/div>\n\t\t\t\t\t<\/div>\n\t\t<\/div>\n\t\t\t\t\t<\/div>\n\t\t<\/section>\n\t\t\t\t<section class=\"elementor-section elementor-top-section elementor-element elementor-element-bb726df elementor-section-boxed elementor-section-height-default elementor-section-height-default\" data-id=\"bb726df\" data-element_type=\"section\" data-e-type=\"section\">\n\t\t\t\t\t\t<div class=\"elementor-container elementor-column-gap-default\">\n\t\t\t\t\t<div class=\"elementor-column elementor-col-50 elementor-top-column elementor-element elementor-element-89e4617\" data-id=\"89e4617\" data-element_type=\"column\" data-e-type=\"column\">\n\t\t\t<div class=\"elementor-widget-wrap elementor-element-populated\">\n\t\t\t\t\t\t<section class=\"elementor-section elementor-inner-section elementor-element elementor-element-fcf47e3 elementor-section-content-middle elementor-section-boxed elementor-section-height-default elementor-section-height-default\" data-id=\"fcf47e3\" data-element_type=\"section\" data-e-type=\"section\">\n\t\t\t\t\t\t<div class=\"elementor-container elementor-column-gap-default\">\n\t\t\t\t\t<div class=\"elementor-column elementor-col-100 elementor-inner-column elementor-element elementor-element-5863001\" data-id=\"5863001\" data-element_type=\"column\" data-e-type=\"column\">\n\t\t\t<div class=\"elementor-widget-wrap elementor-element-populated\">\n\t\t\t\t\t\t<div class=\"elementor-element elementor-element-468e536 elementor-widget elementor-widget-price-table\" data-id=\"468e536\" data-element_type=\"widget\" data-e-type=\"widget\" data-widget_type=\"price-table.default\">\n\t\t\t\t<div class=\"elementor-widget-container\">\n\t\t\t\t\t\n\t\t<div class=\"elementor-price-table\">\n\t\t\t\t\t\t\t<div class=\"elementor-price-table__header\">\n\t\t\t\t\t\t\t\t\t\t\t<h3 class=\"elementor-price-table__heading\">\n\t\t\t\t\t\tPrix\t\t\t\t\t\t<\/h3>\n\t\t\t\t\t\n\t\t\t\t\t\t\t\t\t<\/div>\n\t\t\t\n\t\t\t<div class=\"elementor-price-table__price\">\n\t\t\t\t\t\t\t\t<span class=\"elementor-price-table__currency\">&#128;<\/span>\t\t\t\t\t\t\t\t\t<span class=\"elementor-price-table__integer-part\">\n\t\t\t\t\t\t30\t\t\t\t\t<\/span>\n\t\t\t\t\n\t\t\t\t\n\t\t\t\t\n\t\t\t\t\t\t\t\t\t<span class=\"elementor-price-table__period elementor-typo-excluded\">\/ emplacement<\/span>\t\t\t\t\t\t\t<\/div>\n\n\t\t\t\t\t\t\t<ul class=\"elementor-price-table__features-list\">\n\t\t\t\t\t\t\t\t\t\t\t<li class=\"elementor-repeater-item-444a21f\">\n\t\t\t\t\t\t\t<div class=\"elementor-price-table__feature-inner\">\n\t\t\t\t\t\t\t\t\t\t\t\t\t\t\t\t&nbsp;\t\t\t\t\t\t\t<\/div>\n\t\t\t\t\t\t<\/li>\n\t\t\t\t\t\t\t\t\t<\/ul>\n\t\t\t\n\t\t\t\t\t<\/div>\n\n\t\t\t\t\t\t<\/div>\n\t\t\t\t<\/div>\n\t\t\t\t\t<\/div>\n\t\t<\/div>\n\t\t\t\t\t<\/div>\n\t\t<\/section>\n\t\t\t\t\t<\/div>\n\t\t<\/div>\n\t\t\t\t<div class=\"elementor-column elementor-col-50 elementor-top-column elementor-element elementor-element-4790fce\" data-id=\"4790fce\" data-element_type=\"column\" data-e-type=\"column\">\n\t\t\t<div class=\"elementor-widget-wrap elementor-element-populated\">\n\t\t\t\t\t\t<div class=\"elementor-element elementor-element-eb48298 elementor-widget elementor-widget-heading\" data-id=\"eb48298\" data-element_type=\"widget\" data-e-type=\"widget\" data-widget_type=\"heading.default\">\n\t\t\t\t<div class=\"elementor-widget-container\">\n\t\t\t\t\t<h2 class=\"elementor-heading-title elementor-size-default\">Choisissez une avenue : <\/h2>\t\t\t\t<\/div>\n\t\t\t\t<\/div>\n\t\t\t\t<section class=\"elementor-section elementor-inner-section elementor-element elementor-element-e225bc7 elementor-section-content-middle elementor-section-boxed elementor-section-height-default elementor-section-height-default\" data-id=\"e225bc7\" data-element_type=\"section\" data-e-type=\"section\">\n\t\t\t\t\t\t<div class=\"elementor-container elementor-column-gap-default\">\n\t\t\t\t\t<div class=\"elementor-column elementor-col-33 elementor-inner-column elementor-element elementor-element-d861a17\" data-id=\"d861a17\" data-element_type=\"column\" data-e-type=\"column\">\n\t\t\t<div class=\"elementor-widget-wrap elementor-element-populated\">\n\t\t\t\t\t\t<div class=\"elementor-element elementor-element-7c06026 elementor-align-justify elementor-mobile-align-center elementor-widget elementor-widget-button\" data-id=\"7c06026\" data-element_type=\"widget\" data-e-type=\"widget\" data-widget_type=\"button.default\">\n\t\t\t\t<div class=\"elementor-widget-container\">\n\t\t\t\t\t\t\t\t\t<div class=\"elementor-button-wrapper\">\n\t\t\t\t\t<a class=\"elementor-button elementor-button-link elementor-size-lg elementor-animation-grow\" href=\"https:\/\/feestinrode.be\/fr\/plan\/av-des-chenes\/\">\n\t\t\t\t\t\t<span class=\"elementor-button-content-wrapper\">\n\t\t\t\t\t\t<span class=\"elementor-button-icon\">\n\t\t\t\t<i aria-hidden=\"true\" class=\"fas fa-arrow-right\"><\/i>\t\t\t<\/span>\n\t\t\t\t\t\t\t\t\t<span class=\"elementor-button-text\">Av. des Ch\u00eanes<\/span>\n\t\t\t\t\t<\/span>\n\t\t\t\t\t<\/a>\n\t\t\t\t<\/div>\n\t\t\t\t\t\t\t\t<\/div>\n\t\t\t\t<\/div>\n\t\t\t\t<div class=\"elementor-element elementor-element-f731fea elementor-align-justify elementor-mobile-align-center elementor-widget elementor-widget-button\" data-id=\"f731fea\" data-element_type=\"widget\" data-e-type=\"widget\" data-widget_type=\"button.default\">\n\t\t\t\t<div class=\"elementor-widget-container\">\n\t\t\t\t\t\t\t\t\t<div class=\"elementor-button-wrapper\">\n\t\t\t\t\t<a class=\"elementor-button elementor-button-link elementor-size-lg elementor-animation-grow\" href=\"https:\/\/feestinrode.be\/fr\/plan\/parvis-de-notre-dame\/\">\n\t\t\t\t\t\t<span class=\"elementor-button-content-wrapper\">\n\t\t\t\t\t\t<span class=\"elementor-button-icon\">\n\t\t\t\t<i aria-hidden=\"true\" class=\"fas fa-arrow-right\"><\/i>\t\t\t<\/span>\n\t\t\t\t\t\t\t\t\t<span class=\"elementor-button-text\">Parvis<\/span>\n\t\t\t\t\t<\/span>\n\t\t\t\t\t<\/a>\n\t\t\t\t<\/div>\n\t\t\t\t\t\t\t\t<\/div>\n\t\t\t\t<\/div>\n\t\t\t\t<div class=\"elementor-element elementor-element-890a47b elementor-align-justify elementor-mobile-align-center elementor-widget elementor-widget-button\" data-id=\"890a47b\" data-element_type=\"widget\" data-e-type=\"widget\" data-widget_type=\"button.default\">\n\t\t\t\t<div class=\"elementor-widget-container\">\n\t\t\t\t\t\t\t\t\t<div class=\"elementor-button-wrapper\">\n\t\t\t\t\t<a class=\"elementor-button elementor-button-link elementor-size-lg elementor-animation-grow\" href=\"https:\/\/feestinrode.be\/fr\/plan\/av-des-aubepines\/\">\n\t\t\t\t\t\t<span class=\"elementor-button-content-wrapper\">\n\t\t\t\t\t\t<span class=\"elementor-button-icon\">\n\t\t\t\t<i aria-hidden=\"true\" class=\"fas fa-arrow-right\"><\/i>\t\t\t<\/span>\n\t\t\t\t\t\t\t\t\t<span class=\"elementor-button-text\">Av. des Aub\u00e9pines<\/span>\n\t\t\t\t\t<\/span>\n\t\t\t\t\t<\/a>\n\t\t\t\t<\/div>\n\t\t\t\t\t\t\t\t<\/div>\n\t\t\t\t<\/div>\n\t\t\t\t\t<\/div>\n\t\t<\/div>\n\t\t\t\t<div class=\"elementor-column elementor-col-33 elementor-inner-column elementor-element elementor-element-1df5e92\" data-id=\"1df5e92\" data-element_type=\"column\" data-e-type=\"column\">\n\t\t\t<div class=\"elementor-widget-wrap elementor-element-populated\">\n\t\t\t\t\t\t<div class=\"elementor-element elementor-element-2b527b8 elementor-align-justify elementor-mobile-align-center elementor-widget elementor-widget-button\" data-id=\"2b527b8\" data-element_type=\"widget\" data-e-type=\"widget\" data-widget_type=\"button.default\">\n\t\t\t\t<div class=\"elementor-widget-container\">\n\t\t\t\t\t\t\t\t\t<div class=\"elementor-button-wrapper\">\n\t\t\t\t\t<a class=\"elementor-button elementor-button-link elementor-size-lg elementor-animation-grow\" href=\"https:\/\/feestinrode.be\/fr\/plan\/av-foret-de-soignes\/\">\n\t\t\t\t\t\t<span class=\"elementor-button-content-wrapper\">\n\t\t\t\t\t\t<span class=\"elementor-button-icon\">\n\t\t\t\t<i aria-hidden=\"true\" class=\"fas fa-arrow-right\"><\/i>\t\t\t<\/span>\n\t\t\t\t\t\t\t\t\t<span class=\"elementor-button-text\">Av. For\u00eat de Soignes<\/span>\n\t\t\t\t\t<\/span>\n\t\t\t\t\t<\/a>\n\t\t\t\t<\/div>\n\t\t\t\t\t\t\t\t<\/div>\n\t\t\t\t<\/div>\n\t\t\t\t<div class=\"elementor-element elementor-element-17bd324 elementor-align-justify elementor-mobile-align-center elementor-widget elementor-widget-button\" data-id=\"17bd324\" data-element_type=\"widget\" data-e-type=\"widget\" data-widget_type=\"button.default\">\n\t\t\t\t<div class=\"elementor-widget-container\">\n\t\t\t\t\t\t\t\t\t<div class=\"elementor-button-wrapper\">\n\t\t\t\t\t<a class=\"elementor-button elementor-button-link elementor-size-lg elementor-animation-grow\" href=\"https:\/\/feestinrode.be\/fr\/plan\/av-des-cedres\/\">\n\t\t\t\t\t\t<span class=\"elementor-button-content-wrapper\">\n\t\t\t\t\t\t<span class=\"elementor-button-icon\">\n\t\t\t\t<i aria-hidden=\"true\" class=\"fas fa-arrow-right\"><\/i>\t\t\t<\/span>\n\t\t\t\t\t\t\t\t\t<span class=\"elementor-button-text\">Av. des C\u00e8dres<\/span>\n\t\t\t\t\t<\/span>\n\t\t\t\t\t<\/a>\n\t\t\t\t<\/div>\n\t\t\t\t\t\t\t\t<\/div>\n\t\t\t\t<\/div>\n\t\t\t\t\t<\/div>\n\t\t<\/div>\n\t\t\t\t<div class=\"elementor-column elementor-col-33 elementor-inner-column elementor-element elementor-element-c6ba7ff\" data-id=\"c6ba7ff\" data-element_type=\"column\" data-e-type=\"column\">\n\t\t\t<div class=\"elementor-widget-wrap elementor-element-populated\">\n\t\t\t\t\t\t<div class=\"elementor-element elementor-element-764db8e elementor-align-justify elementor-mobile-align-center elementor-widget elementor-widget-button\" data-id=\"764db8e\" data-element_type=\"widget\" data-e-type=\"widget\" data-widget_type=\"button.default\">\n\t\t\t\t<div class=\"elementor-widget-container\">\n\t\t\t\t\t\t\t\t\t<div class=\"elementor-button-wrapper\">\n\t\t\t\t\t<a class=\"elementor-button elementor-button-link elementor-size-lg elementor-animation-grow\" href=\"https:\/\/feestinrode.be\/fr\/plan\/av-des-trembles\/\">\n\t\t\t\t\t\t<span class=\"elementor-button-content-wrapper\">\n\t\t\t\t\t\t<span class=\"elementor-button-icon\">\n\t\t\t\t<i aria-hidden=\"true\" class=\"fas fa-arrow-right\"><\/i>\t\t\t<\/span>\n\t\t\t\t\t\t\t\t\t<span class=\"elementor-button-text\">Av. des Trembles<\/span>\n\t\t\t\t\t<\/span>\n\t\t\t\t\t<\/a>\n\t\t\t\t<\/div>\n\t\t\t\t\t\t\t\t<\/div>\n\t\t\t\t<\/div>\n\t\t\t\t<div class=\"elementor-element elementor-element-c146782 elementor-align-justify elementor-mobile-align-center elementor-widget elementor-widget-button\" data-id=\"c146782\" data-element_type=\"widget\" data-e-type=\"widget\" data-widget_type=\"button.default\">\n\t\t\t\t<div class=\"elementor-widget-container\">\n\t\t\t\t\t\t\t\t\t<div class=\"elementor-button-wrapper\">\n\t\t\t\t\t<a class=\"elementor-button elementor-button-link elementor-size-lg elementor-animation-grow\" href=\"https:\/\/feestinrode.be\/fr\/plan\/av-des-hetres\/\">\n\t\t\t\t\t\t<span class=\"elementor-button-content-wrapper\">\n\t\t\t\t\t\t<span class=\"elementor-button-icon\">\n\t\t\t\t<i aria-hidden=\"true\" class=\"fas fa-arrow-right\"><\/i>\t\t\t<\/span>\n\t\t\t\t\t\t\t\t\t<span class=\"elementor-button-text\">Av. des H\u00eatres<\/span>\n\t\t\t\t\t<\/span>\n\t\t\t\t\t<\/a>\n\t\t\t\t<\/div>\n\t\t\t\t\t\t\t\t<\/div>\n\t\t\t\t<\/div>\n\t\t\t\t\t<\/div>\n\t\t<\/div>\n\t\t\t\t\t<\/div>\n\t\t<\/section>\n\t\t\t\t\t<\/div>\n\t\t<\/div>\n\t\t\t\t\t<\/div>\n\t\t<\/section>\n\t\t\t\t<section class=\"elementor-section elementor-top-section elementor-element elementor-element-6fde4cf elementor-section-boxed elementor-section-height-default elementor-section-height-default\" data-id=\"6fde4cf\" data-element_type=\"section\" data-e-type=\"section\">\n\t\t\t\t\t\t<div class=\"elementor-container elementor-column-gap-default\">\n\t\t\t\t\t<div class=\"elementor-column elementor-col-100 elementor-top-column elementor-element elementor-element-8611898\" data-id=\"8611898\" data-element_type=\"column\" data-e-type=\"column\">\n\t\t\t<div class=\"elementor-widget-wrap elementor-element-populated\">\n\t\t\t\t\t\t<div class=\"elementor-element elementor-element-5427611 elementor-widget elementor-widget-heading\" data-id=\"5427611\" data-element_type=\"widget\" data-e-type=\"widget\" data-widget_type=\"heading.default\">\n\t\t\t\t<div class=\"elementor-widget-container\">\n\t\t\t\t\t<h2 class=\"elementor-heading-title elementor-size-default\">R\u00e9glementation de la brocante<\/h2>\t\t\t\t<\/div>\n\t\t\t\t<\/div>\n\t\t\t\t<div class=\"elementor-element elementor-element-017ce1a elementor-widget elementor-widget-text-editor\" data-id=\"017ce1a\" data-element_type=\"widget\" data-e-type=\"widget\" data-widget_type=\"text-editor.default\">\n\t\t\t\t<div class=\"elementor-widget-container\">\n\t\t\t\t\t\t\t\t\t<p style=\"text-align: left;\">Afin de permettre le passage en cas d&rsquo;urgence, les exposants sont tenus de pr\u00e9senter leurs articles sur le trottoir uniquement. Rien n&rsquo;est autoris\u00e9 dans les rues par ordre de la police.&nbsp;<span style=\"color: var( --e-global-color-secondary ); font-size: 1rem;\">Nous vous recommandons d&rsquo;occuper les emplacements le plus t\u00f4t possible.&nbsp;<\/span><span style=\"color: var( --e-global-color-secondary ); font-size: 1rem;\">Veuillez d\u00e9charger votre v\u00e9hicule d\u00e8s que possible et lib\u00e9rer la route imm\u00e9diatement. Les autres exposants doivent \u00e9galement pouvoir atteindre leur place !<\/span><\/p>\n<p style=\"text-align: left;\">Chaque exposant doit emporter ses d\u00e9chets ou les mettre dans les sacs poubelles pr\u00e9vus \u00e0 cet effet. Apr\u00e8s l&rsquo;\u00e9v\u00e9nement, vous devez laisser votre emplacement propre et bien rang\u00e9. Si des salet\u00e9s sont laiss\u00e9es sur votre emplacement, les frais de nettoyage vous seront factur\u00e9s par les services municipaux.<\/p>\t\t\t\t\t\t\t\t<\/div>\n\t\t\t\t<\/div>\n\t\t\t\t\t<\/div>\n\t\t<\/div>\n\t\t\t\t\t<\/div>\n\t\t<\/section>\n\t\t\t\t<\/div>\n\t\t","protected":false},"excerpt":{"rendered":"<p>R\u00e9servation uniquement pour les Rhodiens En confirmant que vous \u00eates un r\u00e9sident de Rhode-Saint-gen\u00e8se, vous acceptez les conditions de la brocante. En cas de fraude, une amende de 250 \u20ac sera per\u00e7ue et votre inscription sera exclue pour les prochains brocantes. \u00d7 Melding negeren Prix \u20ac 30 \/ emplacement &nbsp; Choisissez une avenue : Av. [&hellip;]<\/p>\n","protected":false},"author":1,"featured_media":0,"parent":0,"menu_order":0,"comment_status":"closed","ping_status":"closed","template":"elementor_theme","meta":{"footnotes":""},"class_list":["post-27356","page","type-page","status-publish","hentry"],"yoast_head":"<!-- This site is optimized with the Yoast SEO plugin v27.5 - https:\/\/yoast.com\/product\/yoast-seo-wordpress\/ -->\n<title>Rhodiens - Feest in Rode - Rhode en f\u00eate 2026 !<\/title>\n<meta name=\"robots\" content=\"index, follow, max-snippet:-1, max-image-preview:large, max-video-preview:-1\" \/>\n<link rel=\"canonical\" href=\"https:\/\/feestinrode.be\/fr\/rhodiens\/\" \/>\n<meta property=\"og:locale\" content=\"fr_FR\" \/>\n<meta property=\"og:type\" content=\"article\" \/>\n<meta property=\"og:title\" content=\"Rhodiens - Feest in Rode - Rhode en f\u00eate 2026 !\" \/>\n<meta property=\"og:description\" content=\"R\u00e9servation uniquement pour les Rhodiens En confirmant que vous \u00eates un r\u00e9sident de Rhode-Saint-gen\u00e8se, vous acceptez les conditions de la brocante. En cas de fraude, une amende de 250 \u20ac sera per\u00e7ue et votre inscription sera exclue pour les prochains brocantes. \u00d7 Melding negeren Prix \u20ac 30 \/ emplacement &nbsp; Choisissez une avenue : Av. [&hellip;]\" \/>\n<meta property=\"og:url\" content=\"https:\/\/feestinrode.be\/fr\/rhodiens\/\" \/>\n<meta property=\"og:site_name\" content=\"Feest in Rode - Rhode en f\u00eate 2026 !\" \/>\n<meta property=\"article:modified_time\" content=\"2022-06-27T08:12:24+00:00\" \/>\n<meta property=\"og:image\" content=\"https:\/\/feestinrode.be\/wp-content\/uploads\/2021\/06\/lgoo-high.png\" \/>\n\t<meta property=\"og:image:width\" content=\"600\" \/>\n\t<meta property=\"og:image:height\" content=\"600\" \/>\n\t<meta property=\"og:image:type\" content=\"image\/png\" \/>\n<meta name=\"twitter:card\" content=\"summary_large_image\" \/>\n<meta name=\"twitter:label1\" content=\"Dur\u00e9e de lecture estim\u00e9e\" \/>\n\t<meta name=\"twitter:data1\" content=\"1 minute\" \/>\n<script type=\"application\/ld+json\" class=\"yoast-schema-graph\">{\"@context\":\"https:\\\/\\\/schema.org\",\"@graph\":[{\"@type\":\"WebPage\",\"@id\":\"https:\\\/\\\/feestinrode.be\\\/fr\\\/rhodiens\\\/\",\"url\":\"https:\\\/\\\/feestinrode.be\\\/fr\\\/rhodiens\\\/\",\"name\":\"Rhodiens - Feest in Rode - Rhode en f\u00eate 2026 !\",\"isPartOf\":{\"@id\":\"https:\\\/\\\/feestinrode.be\\\/fr\\\/#website\"},\"datePublished\":\"2022-06-27T08:09:22+00:00\",\"dateModified\":\"2022-06-27T08:12:24+00:00\",\"breadcrumb\":{\"@id\":\"https:\\\/\\\/feestinrode.be\\\/fr\\\/rhodiens\\\/#breadcrumb\"},\"inLanguage\":\"fr-FR\",\"potentialAction\":[{\"@type\":\"ReadAction\",\"target\":[\"https:\\\/\\\/feestinrode.be\\\/fr\\\/rhodiens\\\/\"]}]},{\"@type\":\"BreadcrumbList\",\"@id\":\"https:\\\/\\\/feestinrode.be\\\/fr\\\/rhodiens\\\/#breadcrumb\",\"itemListElement\":[{\"@type\":\"ListItem\",\"position\":1,\"name\":\"Home\",\"item\":\"https:\\\/\\\/feestinrode.be\\\/fr\\\/\"},{\"@type\":\"ListItem\",\"position\":2,\"name\":\"Rhodiens\"}]},{\"@type\":\"WebSite\",\"@id\":\"https:\\\/\\\/feestinrode.be\\\/fr\\\/#website\",\"url\":\"https:\\\/\\\/feestinrode.be\\\/fr\\\/\",\"name\":\"Feest in Rode - Rhode en f\u00eate 2024 !\",\"description\":\"Le dernier dimanche de septembre\",\"publisher\":{\"@id\":\"https:\\\/\\\/feestinrode.be\\\/fr\\\/#organization\"},\"potentialAction\":[{\"@type\":\"SearchAction\",\"target\":{\"@type\":\"EntryPoint\",\"urlTemplate\":\"https:\\\/\\\/feestinrode.be\\\/fr\\\/?s={search_term_string}\"},\"query-input\":{\"@type\":\"PropertyValueSpecification\",\"valueRequired\":true,\"valueName\":\"search_term_string\"}}],\"inLanguage\":\"fr-FR\"},{\"@type\":\"Organization\",\"@id\":\"https:\\\/\\\/feestinrode.be\\\/fr\\\/#organization\",\"name\":\"Rhode en F\u00eate - Feest in Rode\",\"url\":\"https:\\\/\\\/feestinrode.be\\\/fr\\\/\",\"logo\":{\"@type\":\"ImageObject\",\"inLanguage\":\"fr-FR\",\"@id\":\"https:\\\/\\\/feestinrode.be\\\/fr\\\/#\\\/schema\\\/logo\\\/image\\\/\",\"url\":\"https:\\\/\\\/feestinrode.be\\\/wp-content\\\/uploads\\\/2021\\\/06\\\/cropped-lgoo-high.png\",\"contentUrl\":\"https:\\\/\\\/feestinrode.be\\\/wp-content\\\/uploads\\\/2021\\\/06\\\/cropped-lgoo-high.png\",\"width\":600,\"height\":600,\"caption\":\"Rhode en F\u00eate - Feest in Rode\"},\"image\":{\"@id\":\"https:\\\/\\\/feestinrode.be\\\/fr\\\/#\\\/schema\\\/logo\\\/image\\\/\"}}]}<\/script>\n<!-- \/ Yoast SEO plugin. -->","yoast_head_json":{"title":"Rhodiens - Feest in Rode - Rhode en f\u00eate 2026 !","robots":{"index":"index","follow":"follow","max-snippet":"max-snippet:-1","max-image-preview":"max-image-preview:large","max-video-preview":"max-video-preview:-1"},"canonical":"https:\/\/feestinrode.be\/fr\/rhodiens\/","og_locale":"fr_FR","og_type":"article","og_title":"Rhodiens - Feest in Rode - Rhode en f\u00eate 2026 !","og_description":"R\u00e9servation uniquement pour les Rhodiens En confirmant que vous \u00eates un r\u00e9sident de Rhode-Saint-gen\u00e8se, vous acceptez les conditions de la brocante. En cas de fraude, une amende de 250 \u20ac sera per\u00e7ue et votre inscription sera exclue pour les prochains brocantes. \u00d7 Melding negeren Prix \u20ac 30 \/ emplacement &nbsp; Choisissez une avenue : Av. [&hellip;]","og_url":"https:\/\/feestinrode.be\/fr\/rhodiens\/","og_site_name":"Feest in Rode - Rhode en f\u00eate 2026 !","article_modified_time":"2022-06-27T08:12:24+00:00","og_image":[{"width":600,"height":600,"url":"https:\/\/feestinrode.be\/wp-content\/uploads\/2021\/06\/lgoo-high.png","type":"image\/png"}],"twitter_card":"summary_large_image","twitter_misc":{"Dur\u00e9e de lecture estim\u00e9e":"1 minute"},"schema":{"@context":"https:\/\/schema.org","@graph":[{"@type":"WebPage","@id":"https:\/\/feestinrode.be\/fr\/rhodiens\/","url":"https:\/\/feestinrode.be\/fr\/rhodiens\/","name":"Rhodiens - Feest in Rode - Rhode en f\u00eate 2026 !","isPartOf":{"@id":"https:\/\/feestinrode.be\/fr\/#website"},"datePublished":"2022-06-27T08:09:22+00:00","dateModified":"2022-06-27T08:12:24+00:00","breadcrumb":{"@id":"https:\/\/feestinrode.be\/fr\/rhodiens\/#breadcrumb"},"inLanguage":"fr-FR","potentialAction":[{"@type":"ReadAction","target":["https:\/\/feestinrode.be\/fr\/rhodiens\/"]}]},{"@type":"BreadcrumbList","@id":"https:\/\/feestinrode.be\/fr\/rhodiens\/#breadcrumb","itemListElement":[{"@type":"ListItem","position":1,"name":"Home","item":"https:\/\/feestinrode.be\/fr\/"},{"@type":"ListItem","position":2,"name":"Rhodiens"}]},{"@type":"WebSite","@id":"https:\/\/feestinrode.be\/fr\/#website","url":"https:\/\/feestinrode.be\/fr\/","name":"Feest in Rode - Rhode en f\u00eate 2024 !","description":"Le dernier dimanche de septembre","publisher":{"@id":"https:\/\/feestinrode.be\/fr\/#organization"},"potentialAction":[{"@type":"SearchAction","target":{"@type":"EntryPoint","urlTemplate":"https:\/\/feestinrode.be\/fr\/?s={search_term_string}"},"query-input":{"@type":"PropertyValueSpecification","valueRequired":true,"valueName":"search_term_string"}}],"inLanguage":"fr-FR"},{"@type":"Organization","@id":"https:\/\/feestinrode.be\/fr\/#organization","name":"Rhode en F\u00eate - Feest in Rode","url":"https:\/\/feestinrode.be\/fr\/","logo":{"@type":"ImageObject","inLanguage":"fr-FR","@id":"https:\/\/feestinrode.be\/fr\/#\/schema\/logo\/image\/","url":"https:\/\/feestinrode.be\/wp-content\/uploads\/2021\/06\/cropped-lgoo-high.png","contentUrl":"https:\/\/feestinrode.be\/wp-content\/uploads\/2021\/06\/cropped-lgoo-high.png","width":600,"height":600,"caption":"Rhode en F\u00eate - Feest in Rode"},"image":{"@id":"https:\/\/feestinrode.be\/fr\/#\/schema\/logo\/image\/"}}]}},"jetpack_sharing_enabled":true,"_links":{"self":[{"href":"https:\/\/feestinrode.be\/fr\/wp-json\/wp\/v2\/pages\/27356","targetHints":{"allow":["GET"]}}],"collection":[{"href":"https:\/\/feestinrode.be\/fr\/wp-json\/wp\/v2\/pages"}],"about":[{"href":"https:\/\/feestinrode.be\/fr\/wp-json\/wp\/v2\/types\/page"}],"author":[{"embeddable":true,"href":"https:\/\/feestinrode.be\/fr\/wp-json\/wp\/v2\/users\/1"}],"replies":[{"embeddable":true,"href":"https:\/\/feestinrode.be\/fr\/wp-json\/wp\/v2\/comments?post=27356"}],"version-history":[{"count":2,"href":"https:\/\/feestinrode.be\/fr\/wp-json\/wp\/v2\/pages\/27356\/revisions"}],"predecessor-version":[{"id":27361,"href":"https:\/\/feestinrode.be\/fr\/wp-json\/wp\/v2\/pages\/27356\/revisions\/27361"}],"wp:attachment":[{"href":"https:\/\/feestinrode.be\/fr\/wp-json\/wp\/v2\/media?parent=27356"}],"curies":[{"name":"wp","href":"https:\/\/api.w.org\/{rel}","templated":true}]}}