{"id":26598,"date":"2022-06-08T15:00:58","date_gmt":"2022-06-08T15:00:58","guid":{"rendered":"https:\/\/feestinrode.be\/information\/"},"modified":"2026-04-21T14:32:26","modified_gmt":"2026-04-21T14:32:26","slug":"information","status":"publish","type":"page","link":"https:\/\/feestinrode.be\/fr\/information\/","title":{"rendered":"Information"},"content":{"rendered":"\t\t<div data-elementor-type=\"wp-page\" data-elementor-id=\"26598\" class=\"elementor elementor-26598 elementor-26539\" data-elementor-post-type=\"page\">\n\t\t\t\t\t\t<section class=\"elementor-section elementor-top-section elementor-element elementor-element-6af76570 elementor-section-boxed elementor-section-height-default elementor-section-height-default\" data-id=\"6af76570\" data-element_type=\"section\" data-e-type=\"section\">\n\t\t\t\t\t\t<div class=\"elementor-container elementor-column-gap-default\">\n\t\t\t\t\t<div class=\"elementor-column elementor-col-100 elementor-top-column elementor-element elementor-element-6dd865d4\" data-id=\"6dd865d4\" data-element_type=\"column\" data-e-type=\"column\">\n\t\t\t<div class=\"elementor-widget-wrap elementor-element-populated\">\n\t\t\t\t\t\t<div class=\"elementor-element elementor-element-e2df335 elementor-alert-warning elementor-widget elementor-widget-alert\" data-id=\"e2df335\" data-element_type=\"widget\" data-e-type=\"widget\" data-widget_type=\"alert.default\">\n\t\t\t\t<div class=\"elementor-widget-container\">\n\t\t\t\t\t\t\t<div class=\"elementor-alert\" role=\"alert\">\n\n\t\t\t\t\t\t<span class=\"elementor-alert-title\"> \u00c0 l'exception de l'avenue de la For\u00eat de Soignes, TOUTES les avenues sont \u00e0 sens unique !<\/span>\n\t\t\t\n\t\t\t\t\t\t<span class=\"elementor-alert-description\">Attention, l'Avenue de la For\u00eat de Soignes sera ferm\u00e9e \u00e0 toute circulation de 7h \u00e0 19h, entre la Chauss\u00e9e de Waterloo et l'Avenue Champel.<\/span>\n\t\t\t\n\t\t\t\t\t\t<button type=\"button\" class=\"elementor-alert-dismiss\" aria-label=\"Ignorer cette alerte.\">\n\t\t\t\t\t\t\t\t\t<span aria-hidden=\"true\">&times;<\/span>\n\t\t\t\t\t\t\t<\/button>\n\t\t\t\n\t\t<\/div>\n\t\t\t\t\t\t<\/div>\n\t\t\t\t<\/div>\n\t\t\t\t\t<\/div>\n\t\t<\/div>\n\t\t\t\t\t<\/div>\n\t\t<\/section>\n\t\t\t\t<section class=\"elementor-section elementor-top-section elementor-element elementor-element-c5da439 elementor-section-boxed elementor-section-height-default elementor-section-height-default\" data-id=\"c5da439\" data-element_type=\"section\" data-e-type=\"section\">\n\t\t\t\t\t\t<div class=\"elementor-container elementor-column-gap-default\">\n\t\t\t\t\t<div class=\"elementor-column elementor-col-100 elementor-top-column elementor-element elementor-element-6db3882\" data-id=\"6db3882\" data-element_type=\"column\" data-e-type=\"column\">\n\t\t\t<div class=\"elementor-widget-wrap elementor-element-populated\">\n\t\t\t\t\t\t<div class=\"elementor-element elementor-element-238bc31 elementor-widget elementor-widget-heading\" data-id=\"238bc31\" data-element_type=\"widget\" data-e-type=\"widget\" data-widget_type=\"heading.default\">\n\t\t\t\t<div class=\"elementor-widget-container\">\n\t\t\t\t\t<h2 class=\"elementor-heading-title elementor-size-default\">Superficie des stands<\/h2>\t\t\t\t<\/div>\n\t\t\t\t<\/div>\n\t\t\t\t<div class=\"elementor-element elementor-element-66929a5 elementor-widget elementor-widget-text-editor\" data-id=\"66929a5\" data-element_type=\"widget\" data-e-type=\"widget\" data-widget_type=\"text-editor.default\">\n\t\t\t\t<div class=\"elementor-widget-container\">\n\t\t\t\t\t\t\t\t\t<p style=\"text-align: left;\">La dimension des stands est de +- 4m , la profondeur d\u00e9pend de la localisation.<\/p>\t\t\t\t\t\t\t\t<\/div>\n\t\t\t\t<\/div>\n\t\t\t\t\t<\/div>\n\t\t<\/div>\n\t\t\t\t\t<\/div>\n\t\t<\/section>\n\t\t\t\t<section class=\"elementor-section elementor-top-section elementor-element elementor-element-2189a145 elementor-section-boxed elementor-section-height-default elementor-section-height-default\" data-id=\"2189a145\" data-element_type=\"section\" data-e-type=\"section\">\n\t\t\t\t\t\t<div class=\"elementor-container elementor-column-gap-default\">\n\t\t\t\t\t<div class=\"elementor-column elementor-col-33 elementor-top-column elementor-element elementor-element-76b3baa1\" data-id=\"76b3baa1\" data-element_type=\"column\" data-e-type=\"column\">\n\t\t\t<div class=\"elementor-widget-wrap elementor-element-populated\">\n\t\t\t\t\t\t<section class=\"elementor-section elementor-inner-section elementor-element elementor-element-54f825df elementor-section-content-middle elementor-section-boxed elementor-section-height-default elementor-section-height-default\" data-id=\"54f825df\" data-element_type=\"section\" data-e-type=\"section\">\n\t\t\t\t\t\t<div class=\"elementor-container elementor-column-gap-default\">\n\t\t\t\t\t<div class=\"elementor-column elementor-col-100 elementor-inner-column elementor-element elementor-element-48a4db57\" data-id=\"48a4db57\" data-element_type=\"column\" data-e-type=\"column\">\n\t\t\t<div class=\"elementor-widget-wrap elementor-element-populated\">\n\t\t\t\t\t\t<div class=\"elementor-element elementor-element-3e6b6fef elementor-widget elementor-widget-price-table\" data-id=\"3e6b6fef\" data-element_type=\"widget\" data-e-type=\"widget\" data-widget_type=\"price-table.default\">\n\t\t\t\t<div class=\"elementor-widget-container\">\n\t\t\t\t\t\n\t\t<div class=\"elementor-price-table\">\n\t\t\t\t\t\t\t<div class=\"elementor-price-table__header\">\n\t\t\t\t\t\t\t\t\t\t\t<h3 class=\"elementor-price-table__heading\">\n\t\t\t\t\t\tParticuliers\t\t\t\t\t\t<\/h3>\n\t\t\t\t\t\n\t\t\t\t\t\t\t\t\t<\/div>\n\t\t\t\n\t\t\t<div class=\"elementor-price-table__price\">\n\t\t\t\t\t\t\t\t<span class=\"elementor-price-table__currency\">&#128;<\/span>\t\t\t\t\t\t\t\t\t<span class=\"elementor-price-table__integer-part\">\n\t\t\t\t\t\t32\t\t\t\t\t<\/span>\n\t\t\t\t\n\t\t\t\t\n\t\t\t\t\n\t\t\t\t\t\t\t\t\t<span class=\"elementor-price-table__period elementor-typo-excluded\">\/ emplacement<\/span>\t\t\t\t\t\t\t<\/div>\n\n\t\t\t\t\t\t\t<ul class=\"elementor-price-table__features-list\">\n\t\t\t\t\t\t\t\t\t\t\t<li class=\"elementor-repeater-item-444a21f\">\n\t\t\t\t\t\t\t<div class=\"elementor-price-table__feature-inner\">\n\t\t\t\t\t\t\t\t\t\t\t\t\t\t\t\t&nbsp;\t\t\t\t\t\t\t<\/div>\n\t\t\t\t\t\t<\/li>\n\t\t\t\t\t\t\t\t\t<\/ul>\n\t\t\t\n\t\t\t\t\t<\/div>\n\n\t\t\t\t\t\t<\/div>\n\t\t\t\t<\/div>\n\t\t\t\t\t<\/div>\n\t\t<\/div>\n\t\t\t\t\t<\/div>\n\t\t<\/section>\n\t\t\t\t\t<\/div>\n\t\t<\/div>\n\t\t\t\t<div class=\"elementor-column elementor-col-33 elementor-top-column elementor-element elementor-element-70ee1239\" data-id=\"70ee1239\" data-element_type=\"column\" data-e-type=\"column\">\n\t\t\t<div class=\"elementor-widget-wrap elementor-element-populated\">\n\t\t\t\t\t\t<section class=\"elementor-section elementor-inner-section elementor-element elementor-element-5a1727d2 elementor-section-content-middle elementor-section-boxed elementor-section-height-default elementor-section-height-default\" data-id=\"5a1727d2\" data-element_type=\"section\" data-e-type=\"section\">\n\t\t\t\t\t\t<div class=\"elementor-container elementor-column-gap-default\">\n\t\t\t\t\t<div class=\"elementor-column elementor-col-100 elementor-inner-column elementor-element elementor-element-7c2558a8\" data-id=\"7c2558a8\" data-element_type=\"column\" data-e-type=\"column\">\n\t\t\t<div class=\"elementor-widget-wrap elementor-element-populated\">\n\t\t\t\t\t\t<div class=\"elementor-element elementor-element-285bc760 elementor-widget elementor-widget-price-table\" data-id=\"285bc760\" data-element_type=\"widget\" data-e-type=\"widget\" data-widget_type=\"price-table.default\">\n\t\t\t\t<div class=\"elementor-widget-container\">\n\t\t\t\t\t\n\t\t<div class=\"elementor-price-table\">\n\t\t\t\t\t\t\t<div class=\"elementor-price-table__header\">\n\t\t\t\t\t\t\t\t\t\t\t<h3 class=\"elementor-price-table__heading\">\n\t\t\t\t\t\tProfessionnels\t\t\t\t\t\t<\/h3>\n\t\t\t\t\t\n\t\t\t\t\t\t\t\t\t<\/div>\n\t\t\t\n\t\t\t<div class=\"elementor-price-table__price\">\n\t\t\t\t\t\t\t\t<span class=\"elementor-price-table__currency\">&#128;<\/span>\t\t\t\t\t\t\t\t\t<span class=\"elementor-price-table__integer-part\">\n\t\t\t\t\t\t65\t\t\t\t\t<\/span>\n\t\t\t\t\n\t\t\t\t\n\t\t\t\t\n\t\t\t\t\t\t\t\t\t<span class=\"elementor-price-table__period elementor-typo-excluded\">\/ emplacement<\/span>\t\t\t\t\t\t\t<\/div>\n\n\t\t\t\t\t\t\t<ul class=\"elementor-price-table__features-list\">\n\t\t\t\t\t\t\t\t\t\t\t<li class=\"elementor-repeater-item-444a21f\">\n\t\t\t\t\t\t\t<div class=\"elementor-price-table__feature-inner\">\n\t\t\t\t\t\t\t\t\t\t\t\t\t\t\t\t&nbsp;\t\t\t\t\t\t\t<\/div>\n\t\t\t\t\t\t<\/li>\n\t\t\t\t\t\t\t\t\t<\/ul>\n\t\t\t\n\t\t\t\t\t<\/div>\n\n\t\t\t\t\t\t<\/div>\n\t\t\t\t<\/div>\n\t\t\t\t\t<\/div>\n\t\t<\/div>\n\t\t\t\t\t<\/div>\n\t\t<\/section>\n\t\t\t\t\t<\/div>\n\t\t<\/div>\n\t\t\t\t<div class=\"elementor-column elementor-col-33 elementor-top-column elementor-element elementor-element-34e80c40\" data-id=\"34e80c40\" data-element_type=\"column\" data-e-type=\"column\">\n\t\t\t<div class=\"elementor-widget-wrap elementor-element-populated\">\n\t\t\t\t\t\t<div class=\"elementor-element elementor-element-6343c6b7 elementor-widget elementor-widget-heading\" data-id=\"6343c6b7\" data-element_type=\"widget\" data-e-type=\"widget\" data-widget_type=\"heading.default\">\n\t\t\t\t<div class=\"elementor-widget-container\">\n\t\t\t\t\t<h2 class=\"elementor-heading-title elementor-size-default\">R\u00e8glements<\/h2>\t\t\t\t<\/div>\n\t\t\t\t<\/div>\n\t\t\t\t<div class=\"elementor-element elementor-element-5bf20eff elementor-widget elementor-widget-text-editor\" data-id=\"5bf20eff\" data-element_type=\"widget\" data-e-type=\"widget\" data-widget_type=\"text-editor.default\">\n\t\t\t\t<div class=\"elementor-widget-container\">\n\t\t\t\t\t\t\t\t\t<p style=\"text-align: left;\">Afin de garantir le bon d\u00e9roulement de la brocante, nous vous demandons de prendre connaissance de notre r\u00e8glement et de celui de la police de Rhode-Saint-Gen\u00e8se.<\/p>\t\t\t\t\t\t\t\t<\/div>\n\t\t\t\t<\/div>\n\t\t\t\t<div class=\"elementor-element elementor-element-2608d88c elementor-align-left elementor-widget elementor-widget-button\" data-id=\"2608d88c\" data-element_type=\"widget\" data-e-type=\"widget\" data-widget_type=\"button.default\">\n\t\t\t\t<div class=\"elementor-widget-container\">\n\t\t\t\t\t\t\t\t\t<div class=\"elementor-button-wrapper\">\n\t\t\t\t\t<a class=\"elementor-button elementor-button-link elementor-size-md elementor-animation-grow\" href=\"https:\/\/www.rhode-saint-genese.be\/fr\/reglements-de-police\">\n\t\t\t\t\t\t<span class=\"elementor-button-content-wrapper\">\n\t\t\t\t\t\t<span class=\"elementor-button-icon\">\n\t\t\t\t<i aria-hidden=\"true\" class=\"fas fa-handshake\"><\/i>\t\t\t<\/span>\n\t\t\t\t\t\t\t\t\t<span class=\"elementor-button-text\">R\u00e8glement de police<\/span>\n\t\t\t\t\t<\/span>\n\t\t\t\t\t<\/a>\n\t\t\t\t<\/div>\n\t\t\t\t\t\t\t\t<\/div>\n\t\t\t\t<\/div>\n\t\t\t\t\t<\/div>\n\t\t<\/div>\n\t\t\t\t\t<\/div>\n\t\t<\/section>\n\t\t\t\t<section class=\"elementor-section elementor-top-section elementor-element elementor-element-778996cd elementor-section-boxed elementor-section-height-default elementor-section-height-default\" data-id=\"778996cd\" data-element_type=\"section\" data-e-type=\"section\">\n\t\t\t\t\t\t<div class=\"elementor-container elementor-column-gap-default\">\n\t\t\t\t\t<div class=\"elementor-column elementor-col-100 elementor-top-column elementor-element elementor-element-638671d7\" data-id=\"638671d7\" data-element_type=\"column\" data-e-type=\"column\">\n\t\t\t<div class=\"elementor-widget-wrap elementor-element-populated\">\n\t\t\t\t\t\t<div class=\"elementor-element elementor-element-385940c6 elementor-widget elementor-widget-heading\" data-id=\"385940c6\" data-element_type=\"widget\" data-e-type=\"widget\" data-widget_type=\"heading.default\">\n\t\t\t\t<div class=\"elementor-widget-container\">\n\t\t\t\t\t<h2 class=\"elementor-heading-title elementor-size-default\">R\u00e9glementation de la brocante<\/h2>\t\t\t\t<\/div>\n\t\t\t\t<\/div>\n\t\t\t\t<div class=\"elementor-element elementor-element-49526740 elementor-widget elementor-widget-text-editor\" data-id=\"49526740\" data-element_type=\"widget\" data-e-type=\"widget\" data-widget_type=\"text-editor.default\">\n\t\t\t\t<div class=\"elementor-widget-container\">\n\t\t\t\t\t\t\t\t\t<p style=\"text-align: left;\">Afin de permettre le passage en cas d&rsquo;urgence, les exposants sont tenus de pr\u00e9senter leurs articles sur le trottoir uniquement. Rien n&rsquo;est autoris\u00e9 dans les rues par ordre de la police.\u00a0<span style=\"color: var( --e-global-color-secondary ); font-size: 1rem;\">Nous vous recommandons d&rsquo;occuper les emplacements le plus t\u00f4t possible.\u00a0<\/span><span style=\"color: var( --e-global-color-secondary ); font-size: 1rem;\">Veuillez d\u00e9charger votre v\u00e9hicule d\u00e8s que possible et lib\u00e9rer la route imm\u00e9diatement. Les autres exposants doivent \u00e9galement pouvoir atteindre leur place !<\/span><\/p>\n<p style=\"text-align: left;\">Chaque exposant doit emporter ses d\u00e9chets ou les mettre dans les sacs poubelles pr\u00e9vus \u00e0 cet effet. Apr\u00e8s l&rsquo;\u00e9v\u00e9nement, vous devez laisser votre emplacement propre et bien rang\u00e9. Si des d\u00e9chets sont laiss\u00e9s sur votre emplacement, les frais de nettoyage vous seront factur\u00e9s par les services communaux.<\/p>\t\t\t\t\t\t\t\t<\/div>\n\t\t\t\t<\/div>\n\t\t\t\t\t<\/div>\n\t\t<\/div>\n\t\t\t\t\t<\/div>\n\t\t<\/section>\n\t\t\t\t<\/div>\n\t\t","protected":false},"excerpt":{"rendered":"<p>\u00c0 l&rsquo;exception de l&rsquo;avenue de la For\u00eat de Soignes, TOUTES les avenues sont \u00e0 sens unique ! Attention, l&rsquo;Avenue de la For\u00eat de Soignes sera ferm\u00e9e \u00e0 toute circulation de 7h \u00e0 19h, entre la Chauss\u00e9e de Waterloo et l&rsquo;Avenue Champel. &times; Superficie des stands La dimension des stands est de +- 4m , la [&hellip;]<\/p>\n","protected":false},"author":1,"featured_media":0,"parent":0,"menu_order":0,"comment_status":"closed","ping_status":"closed","template":"","meta":{"footnotes":""},"class_list":["post-26598","page","type-page","status-publish","hentry"],"yoast_head":"<!-- This site is optimized with the Yoast SEO plugin v27.5 - https:\/\/yoast.com\/product\/yoast-seo-wordpress\/ -->\n<title>Information - Feest in Rode - Rhode en f\u00eate 2026 !<\/title>\n<meta name=\"robots\" content=\"index, follow, max-snippet:-1, max-image-preview:large, max-video-preview:-1\" \/>\n<link rel=\"canonical\" href=\"https:\/\/feestinrode.be\/fr\/information\/\" \/>\n<meta property=\"og:locale\" content=\"fr_FR\" \/>\n<meta property=\"og:type\" content=\"article\" \/>\n<meta property=\"og:title\" content=\"Information - Feest in Rode - Rhode en f\u00eate 2026 !\" \/>\n<meta property=\"og:description\" content=\"\u00c0 l&rsquo;exception de l&rsquo;avenue de la For\u00eat de Soignes, TOUTES les avenues sont \u00e0 sens unique ! Attention, l&rsquo;Avenue de la For\u00eat de Soignes sera ferm\u00e9e \u00e0 toute circulation de 7h \u00e0 19h, entre la Chauss\u00e9e de Waterloo et l&rsquo;Avenue Champel. &times; Superficie des stands La dimension des stands est de +- 4m , la [&hellip;]\" \/>\n<meta property=\"og:url\" content=\"https:\/\/feestinrode.be\/fr\/information\/\" \/>\n<meta property=\"og:site_name\" content=\"Feest in Rode - Rhode en f\u00eate 2026 !\" \/>\n<meta property=\"article:modified_time\" content=\"2026-04-21T14:32:26+00:00\" \/>\n<meta property=\"og:image\" content=\"https:\/\/feestinrode.be\/wp-content\/uploads\/2021\/06\/lgoo-high.png\" \/>\n\t<meta property=\"og:image:width\" content=\"600\" \/>\n\t<meta property=\"og:image:height\" content=\"600\" \/>\n\t<meta property=\"og:image:type\" content=\"image\/png\" \/>\n<meta name=\"twitter:card\" content=\"summary_large_image\" \/>\n<meta name=\"twitter:label1\" content=\"Dur\u00e9e de lecture estim\u00e9e\" \/>\n\t<meta name=\"twitter:data1\" content=\"1 minute\" \/>\n<script type=\"application\/ld+json\" class=\"yoast-schema-graph\">{\"@context\":\"https:\\\/\\\/schema.org\",\"@graph\":[{\"@type\":\"WebPage\",\"@id\":\"https:\\\/\\\/feestinrode.be\\\/fr\\\/information\\\/\",\"url\":\"https:\\\/\\\/feestinrode.be\\\/fr\\\/information\\\/\",\"name\":\"Information - Feest in Rode - Rhode en f\u00eate 2026 !\",\"isPartOf\":{\"@id\":\"https:\\\/\\\/feestinrode.be\\\/fr\\\/#website\"},\"datePublished\":\"2022-06-08T15:00:58+00:00\",\"dateModified\":\"2026-04-21T14:32:26+00:00\",\"breadcrumb\":{\"@id\":\"https:\\\/\\\/feestinrode.be\\\/fr\\\/information\\\/#breadcrumb\"},\"inLanguage\":\"fr-FR\",\"potentialAction\":[{\"@type\":\"ReadAction\",\"target\":[\"https:\\\/\\\/feestinrode.be\\\/fr\\\/information\\\/\"]}]},{\"@type\":\"BreadcrumbList\",\"@id\":\"https:\\\/\\\/feestinrode.be\\\/fr\\\/information\\\/#breadcrumb\",\"itemListElement\":[{\"@type\":\"ListItem\",\"position\":1,\"name\":\"Home\",\"item\":\"https:\\\/\\\/feestinrode.be\\\/fr\\\/\"},{\"@type\":\"ListItem\",\"position\":2,\"name\":\"Information\"}]},{\"@type\":\"WebSite\",\"@id\":\"https:\\\/\\\/feestinrode.be\\\/fr\\\/#website\",\"url\":\"https:\\\/\\\/feestinrode.be\\\/fr\\\/\",\"name\":\"Feest in Rode - Rhode en f\u00eate 2024 !\",\"description\":\"Le dernier dimanche de septembre\",\"publisher\":{\"@id\":\"https:\\\/\\\/feestinrode.be\\\/fr\\\/#organization\"},\"potentialAction\":[{\"@type\":\"SearchAction\",\"target\":{\"@type\":\"EntryPoint\",\"urlTemplate\":\"https:\\\/\\\/feestinrode.be\\\/fr\\\/?s={search_term_string}\"},\"query-input\":{\"@type\":\"PropertyValueSpecification\",\"valueRequired\":true,\"valueName\":\"search_term_string\"}}],\"inLanguage\":\"fr-FR\"},{\"@type\":\"Organization\",\"@id\":\"https:\\\/\\\/feestinrode.be\\\/fr\\\/#organization\",\"name\":\"Rhode en F\u00eate - Feest in Rode\",\"url\":\"https:\\\/\\\/feestinrode.be\\\/fr\\\/\",\"logo\":{\"@type\":\"ImageObject\",\"inLanguage\":\"fr-FR\",\"@id\":\"https:\\\/\\\/feestinrode.be\\\/fr\\\/#\\\/schema\\\/logo\\\/image\\\/\",\"url\":\"https:\\\/\\\/feestinrode.be\\\/wp-content\\\/uploads\\\/2021\\\/06\\\/cropped-lgoo-high.png\",\"contentUrl\":\"https:\\\/\\\/feestinrode.be\\\/wp-content\\\/uploads\\\/2021\\\/06\\\/cropped-lgoo-high.png\",\"width\":600,\"height\":600,\"caption\":\"Rhode en F\u00eate - Feest in Rode\"},\"image\":{\"@id\":\"https:\\\/\\\/feestinrode.be\\\/fr\\\/#\\\/schema\\\/logo\\\/image\\\/\"}}]}<\/script>\n<!-- \/ Yoast SEO plugin. -->","yoast_head_json":{"title":"Information - Feest in Rode - Rhode en f\u00eate 2026 !","robots":{"index":"index","follow":"follow","max-snippet":"max-snippet:-1","max-image-preview":"max-image-preview:large","max-video-preview":"max-video-preview:-1"},"canonical":"https:\/\/feestinrode.be\/fr\/information\/","og_locale":"fr_FR","og_type":"article","og_title":"Information - Feest in Rode - Rhode en f\u00eate 2026 !","og_description":"\u00c0 l&rsquo;exception de l&rsquo;avenue de la For\u00eat de Soignes, TOUTES les avenues sont \u00e0 sens unique ! Attention, l&rsquo;Avenue de la For\u00eat de Soignes sera ferm\u00e9e \u00e0 toute circulation de 7h \u00e0 19h, entre la Chauss\u00e9e de Waterloo et l&rsquo;Avenue Champel. &times; Superficie des stands La dimension des stands est de +- 4m , la [&hellip;]","og_url":"https:\/\/feestinrode.be\/fr\/information\/","og_site_name":"Feest in Rode - Rhode en f\u00eate 2026 !","article_modified_time":"2026-04-21T14:32:26+00:00","og_image":[{"width":600,"height":600,"url":"https:\/\/feestinrode.be\/wp-content\/uploads\/2021\/06\/lgoo-high.png","type":"image\/png"}],"twitter_card":"summary_large_image","twitter_misc":{"Dur\u00e9e de lecture estim\u00e9e":"1 minute"},"schema":{"@context":"https:\/\/schema.org","@graph":[{"@type":"WebPage","@id":"https:\/\/feestinrode.be\/fr\/information\/","url":"https:\/\/feestinrode.be\/fr\/information\/","name":"Information - Feest in Rode - Rhode en f\u00eate 2026 !","isPartOf":{"@id":"https:\/\/feestinrode.be\/fr\/#website"},"datePublished":"2022-06-08T15:00:58+00:00","dateModified":"2026-04-21T14:32:26+00:00","breadcrumb":{"@id":"https:\/\/feestinrode.be\/fr\/information\/#breadcrumb"},"inLanguage":"fr-FR","potentialAction":[{"@type":"ReadAction","target":["https:\/\/feestinrode.be\/fr\/information\/"]}]},{"@type":"BreadcrumbList","@id":"https:\/\/feestinrode.be\/fr\/information\/#breadcrumb","itemListElement":[{"@type":"ListItem","position":1,"name":"Home","item":"https:\/\/feestinrode.be\/fr\/"},{"@type":"ListItem","position":2,"name":"Information"}]},{"@type":"WebSite","@id":"https:\/\/feestinrode.be\/fr\/#website","url":"https:\/\/feestinrode.be\/fr\/","name":"Feest in Rode - Rhode en f\u00eate 2024 !","description":"Le dernier dimanche de septembre","publisher":{"@id":"https:\/\/feestinrode.be\/fr\/#organization"},"potentialAction":[{"@type":"SearchAction","target":{"@type":"EntryPoint","urlTemplate":"https:\/\/feestinrode.be\/fr\/?s={search_term_string}"},"query-input":{"@type":"PropertyValueSpecification","valueRequired":true,"valueName":"search_term_string"}}],"inLanguage":"fr-FR"},{"@type":"Organization","@id":"https:\/\/feestinrode.be\/fr\/#organization","name":"Rhode en F\u00eate - Feest in Rode","url":"https:\/\/feestinrode.be\/fr\/","logo":{"@type":"ImageObject","inLanguage":"fr-FR","@id":"https:\/\/feestinrode.be\/fr\/#\/schema\/logo\/image\/","url":"https:\/\/feestinrode.be\/wp-content\/uploads\/2021\/06\/cropped-lgoo-high.png","contentUrl":"https:\/\/feestinrode.be\/wp-content\/uploads\/2021\/06\/cropped-lgoo-high.png","width":600,"height":600,"caption":"Rhode en F\u00eate - Feest in Rode"},"image":{"@id":"https:\/\/feestinrode.be\/fr\/#\/schema\/logo\/image\/"}}]}},"jetpack_sharing_enabled":true,"_links":{"self":[{"href":"https:\/\/feestinrode.be\/fr\/wp-json\/wp\/v2\/pages\/26598","targetHints":{"allow":["GET"]}}],"collection":[{"href":"https:\/\/feestinrode.be\/fr\/wp-json\/wp\/v2\/pages"}],"about":[{"href":"https:\/\/feestinrode.be\/fr\/wp-json\/wp\/v2\/types\/page"}],"author":[{"embeddable":true,"href":"https:\/\/feestinrode.be\/fr\/wp-json\/wp\/v2\/users\/1"}],"replies":[{"embeddable":true,"href":"https:\/\/feestinrode.be\/fr\/wp-json\/wp\/v2\/comments?post=26598"}],"version-history":[{"count":8,"href":"https:\/\/feestinrode.be\/fr\/wp-json\/wp\/v2\/pages\/26598\/revisions"}],"predecessor-version":[{"id":30831,"href":"https:\/\/feestinrode.be\/fr\/wp-json\/wp\/v2\/pages\/26598\/revisions\/30831"}],"wp:attachment":[{"href":"https:\/\/feestinrode.be\/fr\/wp-json\/wp\/v2\/media?parent=26598"}],"curies":[{"name":"wp","href":"https:\/\/api.w.org\/{rel}","templated":true}]}}