{"id":26589,"date":"2022-06-08T14:57:10","date_gmt":"2022-06-08T14:57:10","guid":{"rendered":"https:\/\/feestinrode.be\/plan\/parvis-de-notre-dame\/"},"modified":"2022-06-17T06:44:47","modified_gmt":"2022-06-17T06:44:47","slug":"parvis-de-notre-dame","status":"publish","type":"page","link":"https:\/\/feestinrode.be\/fr\/plan\/parvis-de-notre-dame\/","title":{"rendered":"Parvis de Notre-Dame"},"content":{"rendered":"\t\t<div data-elementor-type=\"wp-page\" data-elementor-id=\"26589\" class=\"elementor elementor-26589 elementor-26473\" data-elementor-post-type=\"page\">\n\t\t\t\t\t\t<section class=\"elementor-section elementor-top-section elementor-element elementor-element-486eda1a elementor-section-boxed elementor-section-height-default elementor-section-height-default\" data-id=\"486eda1a\" data-element_type=\"section\" data-e-type=\"section\">\n\t\t\t\t\t\t<div class=\"elementor-container elementor-column-gap-default\">\n\t\t\t\t\t<div class=\"elementor-column elementor-col-100 elementor-top-column elementor-element elementor-element-5529a013\" data-id=\"5529a013\" data-element_type=\"column\" data-e-type=\"column\">\n\t\t\t<div class=\"elementor-widget-wrap elementor-element-populated\">\n\t\t\t\t\t\t<div class=\"elementor-element elementor-element-2711beb7 elementor-alert-danger elementor-widget elementor-widget-alert\" data-id=\"2711beb7\" data-element_type=\"widget\" data-e-type=\"widget\" data-widget_type=\"alert.default\">\n\t\t\t\t<div class=\"elementor-widget-container\">\n\t\t\t\t\t\t\t<div class=\"elementor-alert\" role=\"alert\">\n\n\t\t\t\t\t\t<span class=\"elementor-alert-title\">Nombre limit\u00e9 de places par personne<\/span>\n\t\t\t\n\t\t\t\t\t\t<span class=\"elementor-alert-description\">Vous pouvez r\u00e9server un maximum de 3 places par personne. Nous vous demandons de respecter cette quantit\u00e9, afin que chacun ait la possibilit\u00e9 de r\u00e9server des places pour la brocante.<\/span>\n\t\t\t\n\t\t\t\n\t\t<\/div>\n\t\t\t\t\t\t<\/div>\n\t\t\t\t<\/div>\n\t\t\t\t\t<\/div>\n\t\t<\/div>\n\t\t\t\t\t<\/div>\n\t\t<\/section>\n\t\t\t\t<section class=\"elementor-section elementor-top-section elementor-element elementor-element-302cbe92 elementor-section-boxed elementor-section-height-default elementor-section-height-default\" data-id=\"302cbe92\" data-element_type=\"section\" data-e-type=\"section\">\n\t\t\t\t\t\t<div class=\"elementor-container elementor-column-gap-default\">\n\t\t\t\t\t<div class=\"elementor-column elementor-col-100 elementor-top-column elementor-element elementor-element-778a87aa\" data-id=\"778a87aa\" data-element_type=\"column\" data-e-type=\"column\">\n\t\t\t<div class=\"elementor-widget-wrap elementor-element-populated\">\n\t\t\t\t\t\t<div class=\"elementor-element elementor-element-3327e06 elementor-widget elementor-widget-html\" data-id=\"3327e06\" data-element_type=\"widget\" data-e-type=\"widget\" data-widget_type=\"html.default\">\n\t\t\t\t<div class=\"elementor-widget-container\">\n\t\t\t\t\t<div id=\"mapplic-id26150\" data-mapdata=\"{&quot;mapwidth&quot;:&quot;764.64&quot;,&quot;mapheight&quot;:&quot;505.32&quot;,&quot;action&quot;:&quot;tooltip&quot;,&quot;maxscale&quot;:&quot;3&quot;,&quot;fullscreen&quot;:true,&quot;hovertip&quot;:true,&quot;hovertipdesc&quot;:false,&quot;smartip&quot;:false,&quot;deeplinking&quot;:true,&quot;linknewtab&quot;:false,&quot;minimap&quot;:false,&quot;animations&quot;:false,&quot;zoom&quot;:true,&quot;zoombuttons&quot;:true,&quot;clearbutton&quot;:true,&quot;zoomoutclose&quot;:true,&quot;closezoomout&quot;:true,&quot;mousewheel&quot;:true,&quot;mapfill&quot;:false,&quot;sidebar&quot;:false,&quot;search&quot;:false,&quot;searchdescription&quot;:false,&quot;alphabetic&quot;:false,&quot;thumbholder&quot;:false,&quot;sidebartoggle&quot;:false,&quot;filtersopened&quot;:false,&quot;highlight&quot;:false,&quot;customcss&quot;:&quot;&quot;,&quot;levels&quot;:[{&quot;id&quot;:&quot;parvis&quot;,&quot;title&quot;:&quot;Parvis&quot;,&quot;map&quot;:&quot;\\\/\\\/feestinrode.be\\\/wp-content\\\/uploads\\\/2022\\\/06\\\/parvis.svg&quot;,&quot;minimap&quot;:&quot;&quot;}],&quot;styles&quot;:[],&quot;categories&quot;:[],&quot;locations&quot;:[{&quot;id&quot;:&quot;a&quot;,&quot;pin&quot;:&quot;hidden&quot;,&quot;&quot;:&quot;Voorplein&quot;,&quot;title&quot;:&quot;A - Parvis de Notre Dame&quot;,&quot;level&quot;:&quot;parvis&quot;,&quot;x&quot;:&quot;0.7173&quot;,&quot;y&quot;:&quot;0.2000&quot;,&quot;target&quot;:&quot;residential&quot;,&quot;action&quot;:&quot;none&quot;,&quot;style&quot;:&quot;professionel &quot;},{&quot;id&quot;:&quot;b&quot;,&quot;pin&quot;:&quot;hidden&quot;,&quot;&quot;:&quot;Voorplein&quot;,&quot;title&quot;:&quot;B - Parvis de Notre Dame&quot;,&quot;level&quot;:&quot;parvis&quot;,&quot;x&quot;:0.6265850689750906,&quot;y&quot;:0.19624791311026846,&quot;target&quot;:&quot;residential&quot;,&quot;action&quot;:&quot;none&quot;,&quot;style&quot;:&quot;professionel &quot;},{&quot;id&quot;:&quot;n&quot;,&quot;pin&quot;:&quot;hidden&quot;,&quot;&quot;:&quot;Voorplein&quot;,&quot;title&quot;:&quot;N - Parvis de Notre Dame&quot;,&quot;level&quot;:&quot;parvis&quot;,&quot;x&quot;:0.670940563204299,&quot;y&quot;:0.7928856797053375,&quot;target&quot;:&quot;residential&quot;,&quot;action&quot;:&quot;none&quot;,&quot;style&quot;:&quot;professionel &quot;},{&quot;id&quot;:&quot;o&quot;,&quot;pin&quot;:&quot;hidden&quot;,&quot;&quot;:&quot;Voorplein&quot;,&quot;title&quot;:&quot;O - Parvis de Notre Dame&quot;,&quot;level&quot;:&quot;parvis&quot;,&quot;x&quot;:0.5827317354593797,&quot;y&quot;:0.7928856797053375,&quot;target&quot;:&quot;residential&quot;,&quot;action&quot;:&quot;none&quot;,&quot;style&quot;:&quot;professionel &quot;},{&quot;id&quot;:&quot;p&quot;,&quot;pin&quot;:&quot;hidden&quot;,&quot;&quot;:&quot;Voorplein&quot;,&quot;title&quot;:&quot;P - Parvis de Notre Dame&quot;,&quot;level&quot;:&quot;parvis&quot;,&quot;x&quot;:0.4944052100555746,&quot;y&quot;:0.7928856797053375,&quot;target&quot;:&quot;residential&quot;,&quot;action&quot;:&quot;none&quot;,&quot;style&quot;:&quot;professionel &quot;},{&quot;id&quot;:&quot;e&quot;,&quot;pin&quot;:&quot;hidden&quot;,&quot;&quot;:&quot;Voorplein&quot;,&quot;title&quot;:&quot;E - Parvis de Notre Dame&quot;,&quot;level&quot;:&quot;parvis&quot;,&quot;x&quot;:0.36204878469220914,&quot;y&quot;:0.19624791311026846,&quot;target&quot;:&quot;residential&quot;,&quot;action&quot;:&quot;none&quot;,&quot;style&quot;:&quot;professionel &quot;},{&quot;id&quot;:&quot;f&quot;,&quot;pin&quot;:&quot;hidden&quot;,&quot;&quot;:&quot;Voorplein&quot;,&quot;title&quot;:&quot;F - Parvis de Notre Dame&quot;,&quot;level&quot;:&quot;parvis&quot;,&quot;x&quot;:0.2737222792439242,&quot;y&quot;:0.19624791311026846,&quot;target&quot;:&quot;residential&quot;,&quot;action&quot;:&quot;none&quot;,&quot;style&quot;:&quot;professionel &quot;},{&quot;id&quot;:&quot;q&quot;,&quot;pin&quot;:&quot;hidden&quot;,&quot;&quot;:&quot;Voorplein&quot;,&quot;title&quot;:&quot;Q - Parvis de Notre Dame&quot;,&quot;level&quot;:&quot;parvis&quot;,&quot;x&quot;:0.4064030017681165,&quot;y&quot;:0.7928856797053375,&quot;target&quot;:&quot;residential&quot;,&quot;action&quot;:&quot;none&quot;,&quot;style&quot;:&quot;professionel &quot;},{&quot;id&quot;:&quot;r&quot;,&quot;pin&quot;:&quot;hidden&quot;,&quot;&quot;:&quot;Voorplein&quot;,&quot;title&quot;:&quot;R - Parvis de Notre Dame&quot;,&quot;level&quot;:&quot;parvis&quot;,&quot;x&quot;:0.31807777347313254,&quot;y&quot;:0.7928856797053375,&quot;target&quot;:&quot;residential&quot;,&quot;action&quot;:&quot;none&quot;,&quot;style&quot;:&quot;professionel &quot;},{&quot;id&quot;:&quot;c&quot;,&quot;pin&quot;:&quot;hidden&quot;,&quot;&quot;:&quot;Voorplein&quot;,&quot;title&quot;:&quot;C - Parvis de Notre Dame&quot;,&quot;level&quot;:&quot;parvis&quot;,&quot;x&quot;:0.5383762013191308,&quot;y&quot;:0.19624791311026846,&quot;target&quot;:&quot;residential&quot;,&quot;action&quot;:&quot;none&quot;,&quot;style&quot;:&quot;professionel &quot;},{&quot;id&quot;:&quot;d&quot;,&quot;pin&quot;:&quot;hidden&quot;,&quot;&quot;:&quot;Voorplein&quot;,&quot;title&quot;:&quot;D - Parvis de Notre Dame&quot;,&quot;level&quot;:&quot;parvis&quot;,&quot;x&quot;:0.45005099297966705,&quot;y&quot;:0.19624791311026846,&quot;target&quot;:&quot;residential&quot;,&quot;action&quot;:&quot;none&quot;,&quot;style&quot;:&quot;professionel &quot;}]}\"><\/div>\t\t\t\t<\/div>\n\t\t\t\t<\/div>\n\t\t\t\t\t<\/div>\n\t\t<\/div>\n\t\t\t\t\t<\/div>\n\t\t<\/section>\n\t\t\t\t<\/div>\n\t\t","protected":false},"excerpt":{"rendered":"<p>Nombre limit\u00e9 de places par personne Vous pouvez r\u00e9server un maximum de 3 places par personne. Nous vous demandons de respecter cette quantit\u00e9, afin que chacun ait la possibilit\u00e9 de r\u00e9server des places pour la brocante.<\/p>\n","protected":false},"author":1,"featured_media":0,"parent":26570,"menu_order":0,"comment_status":"closed","ping_status":"closed","template":"elementor_theme","meta":{"footnotes":""},"class_list":["post-26589","page","type-page","status-publish","hentry"],"yoast_head":"<!-- This site is optimized with the Yoast SEO plugin v27.4 - https:\/\/yoast.com\/product\/yoast-seo-wordpress\/ -->\n<title>Parvis de Notre-Dame - Feest in Rode - Rhode en f\u00eate 2026 !<\/title>\n<meta name=\"robots\" content=\"index, follow, max-snippet:-1, max-image-preview:large, max-video-preview:-1\" \/>\n<link rel=\"canonical\" href=\"https:\/\/feestinrode.be\/fr\/plan\/parvis-de-notre-dame\/\" \/>\n<meta property=\"og:locale\" content=\"fr_FR\" \/>\n<meta property=\"og:type\" content=\"article\" \/>\n<meta property=\"og:title\" content=\"Parvis de Notre-Dame - Feest in Rode - Rhode en f\u00eate 2026 !\" \/>\n<meta property=\"og:description\" content=\"Nombre limit\u00e9 de places par personne Vous pouvez r\u00e9server un maximum de 3 places par personne. Nous vous demandons de respecter cette quantit\u00e9, afin que chacun ait la possibilit\u00e9 de r\u00e9server des places pour la brocante.\" \/>\n<meta property=\"og:url\" content=\"https:\/\/feestinrode.be\/fr\/plan\/parvis-de-notre-dame\/\" \/>\n<meta property=\"og:site_name\" content=\"Feest in Rode - Rhode en f\u00eate 2026 !\" \/>\n<meta property=\"article:modified_time\" content=\"2022-06-17T06:44:47+00:00\" \/>\n<meta property=\"og:image\" content=\"https:\/\/feestinrode.be\/wp-content\/uploads\/2021\/06\/lgoo-high.png\" \/>\n\t<meta property=\"og:image:width\" content=\"600\" \/>\n\t<meta property=\"og:image:height\" content=\"600\" \/>\n\t<meta property=\"og:image:type\" content=\"image\/png\" \/>\n<meta name=\"twitter:card\" content=\"summary_large_image\" \/>\n<script type=\"application\/ld+json\" class=\"yoast-schema-graph\">{\"@context\":\"https:\\\/\\\/schema.org\",\"@graph\":[{\"@type\":\"WebPage\",\"@id\":\"https:\\\/\\\/feestinrode.be\\\/fr\\\/plan\\\/parvis-de-notre-dame\\\/\",\"url\":\"https:\\\/\\\/feestinrode.be\\\/fr\\\/plan\\\/parvis-de-notre-dame\\\/\",\"name\":\"Parvis de Notre-Dame - Feest in Rode - Rhode en f\u00eate 2026 !\",\"isPartOf\":{\"@id\":\"https:\\\/\\\/feestinrode.be\\\/fr\\\/#website\"},\"datePublished\":\"2022-06-08T14:57:10+00:00\",\"dateModified\":\"2022-06-17T06:44:47+00:00\",\"breadcrumb\":{\"@id\":\"https:\\\/\\\/feestinrode.be\\\/fr\\\/plan\\\/parvis-de-notre-dame\\\/#breadcrumb\"},\"inLanguage\":\"fr-FR\",\"potentialAction\":[{\"@type\":\"ReadAction\",\"target\":[\"https:\\\/\\\/feestinrode.be\\\/fr\\\/plan\\\/parvis-de-notre-dame\\\/\"]}]},{\"@type\":\"BreadcrumbList\",\"@id\":\"https:\\\/\\\/feestinrode.be\\\/fr\\\/plan\\\/parvis-de-notre-dame\\\/#breadcrumb\",\"itemListElement\":[{\"@type\":\"ListItem\",\"position\":1,\"name\":\"Home\",\"item\":\"https:\\\/\\\/feestinrode.be\\\/fr\\\/\"},{\"@type\":\"ListItem\",\"position\":2,\"name\":\"Plan\",\"item\":\"https:\\\/\\\/feestinrode.be\\\/fr\\\/plan\\\/\"},{\"@type\":\"ListItem\",\"position\":3,\"name\":\"Parvis de Notre-Dame\"}]},{\"@type\":\"WebSite\",\"@id\":\"https:\\\/\\\/feestinrode.be\\\/fr\\\/#website\",\"url\":\"https:\\\/\\\/feestinrode.be\\\/fr\\\/\",\"name\":\"Feest in Rode - Rhode en f\u00eate 2024 !\",\"description\":\"Le dernier dimanche de septembre\",\"publisher\":{\"@id\":\"https:\\\/\\\/feestinrode.be\\\/fr\\\/#organization\"},\"potentialAction\":[{\"@type\":\"SearchAction\",\"target\":{\"@type\":\"EntryPoint\",\"urlTemplate\":\"https:\\\/\\\/feestinrode.be\\\/fr\\\/?s={search_term_string}\"},\"query-input\":{\"@type\":\"PropertyValueSpecification\",\"valueRequired\":true,\"valueName\":\"search_term_string\"}}],\"inLanguage\":\"fr-FR\"},{\"@type\":\"Organization\",\"@id\":\"https:\\\/\\\/feestinrode.be\\\/fr\\\/#organization\",\"name\":\"Rhode en F\u00eate - Feest in Rode\",\"url\":\"https:\\\/\\\/feestinrode.be\\\/fr\\\/\",\"logo\":{\"@type\":\"ImageObject\",\"inLanguage\":\"fr-FR\",\"@id\":\"https:\\\/\\\/feestinrode.be\\\/fr\\\/#\\\/schema\\\/logo\\\/image\\\/\",\"url\":\"https:\\\/\\\/feestinrode.be\\\/wp-content\\\/uploads\\\/2021\\\/06\\\/cropped-lgoo-high.png\",\"contentUrl\":\"https:\\\/\\\/feestinrode.be\\\/wp-content\\\/uploads\\\/2021\\\/06\\\/cropped-lgoo-high.png\",\"width\":600,\"height\":600,\"caption\":\"Rhode en F\u00eate - Feest in Rode\"},\"image\":{\"@id\":\"https:\\\/\\\/feestinrode.be\\\/fr\\\/#\\\/schema\\\/logo\\\/image\\\/\"}}]}<\/script>\n<!-- \/ Yoast SEO plugin. -->","yoast_head_json":{"title":"Parvis de Notre-Dame - Feest in Rode - Rhode en f\u00eate 2026 !","robots":{"index":"index","follow":"follow","max-snippet":"max-snippet:-1","max-image-preview":"max-image-preview:large","max-video-preview":"max-video-preview:-1"},"canonical":"https:\/\/feestinrode.be\/fr\/plan\/parvis-de-notre-dame\/","og_locale":"fr_FR","og_type":"article","og_title":"Parvis de Notre-Dame - Feest in Rode - Rhode en f\u00eate 2026 !","og_description":"Nombre limit\u00e9 de places par personne Vous pouvez r\u00e9server un maximum de 3 places par personne. Nous vous demandons de respecter cette quantit\u00e9, afin que chacun ait la possibilit\u00e9 de r\u00e9server des places pour la brocante.","og_url":"https:\/\/feestinrode.be\/fr\/plan\/parvis-de-notre-dame\/","og_site_name":"Feest in Rode - Rhode en f\u00eate 2026 !","article_modified_time":"2022-06-17T06:44:47+00:00","og_image":[{"width":600,"height":600,"url":"https:\/\/feestinrode.be\/wp-content\/uploads\/2021\/06\/lgoo-high.png","type":"image\/png"}],"twitter_card":"summary_large_image","schema":{"@context":"https:\/\/schema.org","@graph":[{"@type":"WebPage","@id":"https:\/\/feestinrode.be\/fr\/plan\/parvis-de-notre-dame\/","url":"https:\/\/feestinrode.be\/fr\/plan\/parvis-de-notre-dame\/","name":"Parvis de Notre-Dame - Feest in Rode - Rhode en f\u00eate 2026 !","isPartOf":{"@id":"https:\/\/feestinrode.be\/fr\/#website"},"datePublished":"2022-06-08T14:57:10+00:00","dateModified":"2022-06-17T06:44:47+00:00","breadcrumb":{"@id":"https:\/\/feestinrode.be\/fr\/plan\/parvis-de-notre-dame\/#breadcrumb"},"inLanguage":"fr-FR","potentialAction":[{"@type":"ReadAction","target":["https:\/\/feestinrode.be\/fr\/plan\/parvis-de-notre-dame\/"]}]},{"@type":"BreadcrumbList","@id":"https:\/\/feestinrode.be\/fr\/plan\/parvis-de-notre-dame\/#breadcrumb","itemListElement":[{"@type":"ListItem","position":1,"name":"Home","item":"https:\/\/feestinrode.be\/fr\/"},{"@type":"ListItem","position":2,"name":"Plan","item":"https:\/\/feestinrode.be\/fr\/plan\/"},{"@type":"ListItem","position":3,"name":"Parvis de Notre-Dame"}]},{"@type":"WebSite","@id":"https:\/\/feestinrode.be\/fr\/#website","url":"https:\/\/feestinrode.be\/fr\/","name":"Feest in Rode - Rhode en f\u00eate 2024 !","description":"Le dernier dimanche de septembre","publisher":{"@id":"https:\/\/feestinrode.be\/fr\/#organization"},"potentialAction":[{"@type":"SearchAction","target":{"@type":"EntryPoint","urlTemplate":"https:\/\/feestinrode.be\/fr\/?s={search_term_string}"},"query-input":{"@type":"PropertyValueSpecification","valueRequired":true,"valueName":"search_term_string"}}],"inLanguage":"fr-FR"},{"@type":"Organization","@id":"https:\/\/feestinrode.be\/fr\/#organization","name":"Rhode en F\u00eate - Feest in Rode","url":"https:\/\/feestinrode.be\/fr\/","logo":{"@type":"ImageObject","inLanguage":"fr-FR","@id":"https:\/\/feestinrode.be\/fr\/#\/schema\/logo\/image\/","url":"https:\/\/feestinrode.be\/wp-content\/uploads\/2021\/06\/cropped-lgoo-high.png","contentUrl":"https:\/\/feestinrode.be\/wp-content\/uploads\/2021\/06\/cropped-lgoo-high.png","width":600,"height":600,"caption":"Rhode en F\u00eate - Feest in Rode"},"image":{"@id":"https:\/\/feestinrode.be\/fr\/#\/schema\/logo\/image\/"}}]}},"jetpack_sharing_enabled":true,"_links":{"self":[{"href":"https:\/\/feestinrode.be\/fr\/wp-json\/wp\/v2\/pages\/26589","targetHints":{"allow":["GET"]}}],"collection":[{"href":"https:\/\/feestinrode.be\/fr\/wp-json\/wp\/v2\/pages"}],"about":[{"href":"https:\/\/feestinrode.be\/fr\/wp-json\/wp\/v2\/types\/page"}],"author":[{"embeddable":true,"href":"https:\/\/feestinrode.be\/fr\/wp-json\/wp\/v2\/users\/1"}],"replies":[{"embeddable":true,"href":"https:\/\/feestinrode.be\/fr\/wp-json\/wp\/v2\/comments?post=26589"}],"version-history":[{"count":4,"href":"https:\/\/feestinrode.be\/fr\/wp-json\/wp\/v2\/pages\/26589\/revisions"}],"predecessor-version":[{"id":27082,"href":"https:\/\/feestinrode.be\/fr\/wp-json\/wp\/v2\/pages\/26589\/revisions\/27082"}],"up":[{"embeddable":true,"href":"https:\/\/feestinrode.be\/fr\/wp-json\/wp\/v2\/pages\/26570"}],"wp:attachment":[{"href":"https:\/\/feestinrode.be\/fr\/wp-json\/wp\/v2\/media?parent=26589"}],"curies":[{"name":"wp","href":"https:\/\/api.w.org\/{rel}","templated":true}]}}